{"id":12,"date":"2016-05-19T20:43:20","date_gmt":"2016-05-19T20:43:20","guid":{"rendered":"http:\/\/pasticceriadrai.it\/?page_id=12"},"modified":"2016-05-19T22:40:27","modified_gmt":"2016-05-19T22:40:27","slug":"dove-siamo","status":"publish","type":"page","link":"https:\/\/pasticceriadrai.it\/?page_id=12","title":{"rendered":"Dove Siamo"},"content":{"rendered":"<p>[vc_row][vc_column][vc_empty_space][vc_custom_heading text=&#8221;Mappa&#8221; font_container=&#8221;tag:h1|text_align:center&#8221;][vc_gmaps link=&#8221;#E-8_JTNDaWZyYW1lJTIwc3JjJTNEJTIyaHR0cHMlM0ElMkYlMkZ3d3cuZ29vZ2xlLmNvbSUyRm1hcHMlMkZlbWJlZCUzRnBiJTNEJTIxMW0xOCUyMTFtMTIlMjExbTMlMjExZDM0MzEuNTU5NDIxMzAzNzM1NyUyMTJkNy44NjI3OTM0NDI2Mzk4OTMlMjEzZDQ0LjM2MjQ5Nzc2MzAyODY0JTIxMm0zJTIxMWYwJTIxMmYwJTIxM2YwJTIxM20yJTIxMWkxMDI0JTIxMmk3NjglMjE0ZjEzLjElMjEzbTMlMjExbTIlMjExczB4MTJkMjllYWZjYWQyYTdmMSUyNTNBMHhjZDAxZDJhYTI5ZDQxMmUlMjEyc1Bhc3RpY2NlcmlhJTJCQmFyJTJCRHJhaSUyMTVlMCUyMTNtMiUyMTFzaXQlMjEyc3VzJTIxNHYxNDYzNjk2NDE0NzQ3JTIyJTIwd2lkdGglM0QlMjI2MDAlMjIlMjBoZWlnaHQlM0QlMjI0NTAlMjIlMjBmcmFtZWJvcmRlciUzRCUyMjAlMjIlMjBzdHlsZSUzRCUyMmJvcmRlciUzQTAlMjIlMjBhbGxvd2Z1bGxzY3JlZW4lM0UlM0MlMkZpZnJhbWUlM0U=&#8221;][vc_column_text]Il Santuario di Vicoforte,tra i pi\u00f9 importanti monumenti architettonici del Piemonte,\u00e8 celebre in Italia ed all&#8217;estro soprattutto per le eccezionali dimensioni della sua cupola ellittica che \u00e8, nel suo genere, la pi\u00f9 grande al mondo.<br \/>\nE&#8217; altres\u00ec famoso per il grandioso poema pittorico che decora tutta la superficie della cupola,anch&#8217;esso senza eguali per estensione, tra gli analoghi affreschi a tema unico.<br \/>\nLa realizzazione della struttura architettonica si deve essenzialmente a due grandi architetti:Lorvietano Ascanio Vitozzi(1539-1615) ed il monregalese Francesco Gallo(1672-1750), l&#8217;uno al termine del periodo rinascimentale,l&#8217;altro in pieno periodo barocco.[\/vc_column_text][vc_separator][\/vc_column][\/vc_row][vc_row][vc_column width=&#8221;1\/2&#8243;][vc_single_image image=&#8221;42&#8243; img_size=&#8221;full&#8221; onclick=&#8221;link_image&#8221;][\/vc_column][vc_column width=&#8221;1\/2&#8243;][vc_tta_tabs][vc_tta_section title=&#8221;Come arrivare&#8221; tab_id=&#8221;1463697419323-e91b3f59-2ce6&#8243;][vc_column_text]Da Mondov\u00ec proseguendo lungo la statale 28 fino alla basilica del Santuario[\/vc_column_text][\/vc_tta_section][vc_tta_section title=&#8221;Contatti&#8221; tab_id=&#8221;1463697419324-2472c0bc-b0c2&#8243;][vc_column_text]<a class=\"tastinigrigi\" href=\"mailto:info@dray.it\">info@pasticceriadrai.it<\/a>[\/vc_column_text][\/vc_tta_section][\/vc_tta_tabs][\/vc_column][\/vc_row]<\/p>\n","protected":false},"excerpt":{"rendered":"<p>[vc_row][vc_column][vc_empty_space][vc_custom_heading text=&#8221;Mappa&#8221; font_container=&#8221;tag:h1|text_align:center&#8221;][vc_gmaps link=&#8221;#E-8_JTNDaWZyYW1lJTIwc3JjJTNEJTIyaHR0cHMlM0ElMkYlMkZ3d3cuZ29vZ2xlLmNvbSUyRm1hcHMlMkZlbWJlZCUzRnBiJTNEJTIxMW0xOCUyMTFtMTIlMjExbTMlMjExZDM0MzEuNTU5NDIxMzAzNzM1NyUyMTJkNy44NjI3OTM0NDI2Mzk4OTMlMjEzZDQ0LjM2MjQ5Nzc2MzAyODY0JTIxMm0zJTIxMWYwJTIxMmYwJTIxM2YwJTIxM20yJTIxMWkxMDI0JTIxMmk3NjglMjE0ZjEzLjElMjEzbTMlMjExbTIlMjExczB4MTJkMjllYWZjYWQyYTdmMSUyNTNBMHhjZDAxZDJhYTI5ZDQxMmUlMjEyc1Bhc3RpY2NlcmlhJTJCQmFyJTJCRHJhaSUyMTVlMCUyMTNtMiUyMTFzaXQlMjEyc3VzJTIxNHYxNDYzNjk2NDE0NzQ3JTIyJTIwd2lkdGglM0QlMjI2MDAlMjIlMjBoZWlnaHQlM0QlMjI0NTAlMjIlMjBmcmFtZWJvcmRlciUzRCUyMjAlMjIlMjBzdHlsZSUzRCUyMmJvcmRlciUzQTAlMjIlMjBhbGxvd2Z1bGxzY3JlZW4lM0UlM0MlMkZpZnJhbWUlM0U=&#8221;][vc_column_text]Il Santuario di Vicoforte,tra i pi\u00f9 importanti monumenti architettonici del Piemonte,\u00e8 celebre in Italia ed all&#8217;estro soprattutto per le eccezionali dimensioni della sua cupola ellittica che \u00e8, nel suo genere, la pi\u00f9 grande al mondo. E&#8217; altres\u00ec famoso per il grandioso poema pittorico che decora tutta la superficie della cupola,anch&#8217;esso senza eguali [&hellip;]<\/p>\n","protected":false},"author":3,"featured_media":0,"parent":0,"menu_order":0,"comment_status":"closed","ping_status":"closed","template":"","meta":{"footnotes":""},"class_list":["post-12","page","type-page","status-publish","hentry"],"yoast_head":"<!-- This site is optimized with the Yoast SEO plugin v27.3 - https:\/\/yoast.com\/product\/yoast-seo-wordpress\/ -->\n<title>Dove Siamo - Pasticceria Drai<\/title>\n<meta name=\"robots\" content=\"index, follow, max-snippet:-1, max-image-preview:large, max-video-preview:-1\" \/>\n<link rel=\"canonical\" href=\"https:\/\/pasticceriadrai.it\/?page_id=12\" \/>\n<meta property=\"og:locale\" content=\"it_IT\" \/>\n<meta property=\"og:type\" content=\"article\" \/>\n<meta property=\"og:title\" content=\"Dove Siamo - Pasticceria Drai\" \/>\n<meta property=\"og:description\" content=\"[vc_row][vc_column][vc_empty_space][vc_custom_heading text=&#8221;Mappa&#8221; font_container=&#8221;tag:h1|text_align:center&#8221;][vc_gmaps link=&#8221;#E-8_JTNDaWZyYW1lJTIwc3JjJTNEJTIyaHR0cHMlM0ElMkYlMkZ3d3cuZ29vZ2xlLmNvbSUyRm1hcHMlMkZlbWJlZCUzRnBiJTNEJTIxMW0xOCUyMTFtMTIlMjExbTMlMjExZDM0MzEuNTU5NDIxMzAzNzM1NyUyMTJkNy44NjI3OTM0NDI2Mzk4OTMlMjEzZDQ0LjM2MjQ5Nzc2MzAyODY0JTIxMm0zJTIxMWYwJTIxMmYwJTIxM2YwJTIxM20yJTIxMWkxMDI0JTIxMmk3NjglMjE0ZjEzLjElMjEzbTMlMjExbTIlMjExczB4MTJkMjllYWZjYWQyYTdmMSUyNTNBMHhjZDAxZDJhYTI5ZDQxMmUlMjEyc1Bhc3RpY2NlcmlhJTJCQmFyJTJCRHJhaSUyMTVlMCUyMTNtMiUyMTFzaXQlMjEyc3VzJTIxNHYxNDYzNjk2NDE0NzQ3JTIyJTIwd2lkdGglM0QlMjI2MDAlMjIlMjBoZWlnaHQlM0QlMjI0NTAlMjIlMjBmcmFtZWJvcmRlciUzRCUyMjAlMjIlMjBzdHlsZSUzRCUyMmJvcmRlciUzQTAlMjIlMjBhbGxvd2Z1bGxzY3JlZW4lM0UlM0MlMkZpZnJhbWUlM0U=&#8221;][vc_column_text]Il Santuario di Vicoforte,tra i pi\u00f9 importanti monumenti architettonici del Piemonte,\u00e8 celebre in Italia ed all&#8217;estro soprattutto per le eccezionali dimensioni della sua cupola ellittica che \u00e8, nel suo genere, la pi\u00f9 grande al mondo. E&#8217; altres\u00ec famoso per il grandioso poema pittorico che decora tutta la superficie della cupola,anch&#8217;esso senza eguali [&hellip;]\" \/>\n<meta property=\"og:url\" content=\"https:\/\/pasticceriadrai.it\/?page_id=12\" \/>\n<meta property=\"og:site_name\" content=\"Pasticceria Drai\" \/>\n<meta property=\"article:modified_time\" content=\"2016-05-19T22:40:27+00:00\" \/>\n<meta name=\"twitter:card\" content=\"summary_large_image\" \/>\n<meta name=\"twitter:label1\" content=\"Tempo di lettura stimato\" \/>\n\t<meta name=\"twitter:data1\" content=\"1 minuto\" \/>\n<script type=\"application\/ld+json\" class=\"yoast-schema-graph\">{\"@context\":\"https:\\\/\\\/schema.org\",\"@graph\":[{\"@type\":\"WebPage\",\"@id\":\"https:\\\/\\\/pasticceriadrai.it\\\/?page_id=12\",\"url\":\"https:\\\/\\\/pasticceriadrai.it\\\/?page_id=12\",\"name\":\"Dove Siamo - Pasticceria Drai\",\"isPartOf\":{\"@id\":\"https:\\\/\\\/pasticceriadrai.it\\\/#website\"},\"datePublished\":\"2016-05-19T20:43:20+00:00\",\"dateModified\":\"2016-05-19T22:40:27+00:00\",\"breadcrumb\":{\"@id\":\"https:\\\/\\\/pasticceriadrai.it\\\/?page_id=12#breadcrumb\"},\"inLanguage\":\"it-IT\",\"potentialAction\":[{\"@type\":\"ReadAction\",\"target\":[\"https:\\\/\\\/pasticceriadrai.it\\\/?page_id=12\"]}]},{\"@type\":\"BreadcrumbList\",\"@id\":\"https:\\\/\\\/pasticceriadrai.it\\\/?page_id=12#breadcrumb\",\"itemListElement\":[{\"@type\":\"ListItem\",\"position\":1,\"name\":\"Home\",\"item\":\"https:\\\/\\\/pasticceriadrai.it\\\/\"},{\"@type\":\"ListItem\",\"position\":2,\"name\":\"Dove Siamo\"}]},{\"@type\":\"WebSite\",\"@id\":\"https:\\\/\\\/pasticceriadrai.it\\\/#website\",\"url\":\"https:\\\/\\\/pasticceriadrai.it\\\/\",\"name\":\"Pasticceria Drai\",\"description\":\"Pasticceria Drai\",\"publisher\":{\"@id\":\"https:\\\/\\\/pasticceriadrai.it\\\/#organization\"},\"potentialAction\":[{\"@type\":\"SearchAction\",\"target\":{\"@type\":\"EntryPoint\",\"urlTemplate\":\"https:\\\/\\\/pasticceriadrai.it\\\/?s={search_term_string}\"},\"query-input\":{\"@type\":\"PropertyValueSpecification\",\"valueRequired\":true,\"valueName\":\"search_term_string\"}}],\"inLanguage\":\"it-IT\"},{\"@type\":\"Organization\",\"@id\":\"https:\\\/\\\/pasticceriadrai.it\\\/#organization\",\"name\":\"Pasticceria Drai\",\"url\":\"https:\\\/\\\/pasticceriadrai.it\\\/\",\"logo\":{\"@type\":\"ImageObject\",\"inLanguage\":\"it-IT\",\"@id\":\"https:\\\/\\\/pasticceriadrai.it\\\/#\\\/schema\\\/logo\\\/image\\\/\",\"url\":\"https:\\\/\\\/pasticceriadrai.it\\\/wp-content\\\/uploads\\\/2016\\\/05\\\/logo.jpg\",\"contentUrl\":\"https:\\\/\\\/pasticceriadrai.it\\\/wp-content\\\/uploads\\\/2016\\\/05\\\/logo.jpg\",\"width\":539,\"height\":185,\"caption\":\"Pasticceria Drai\"},\"image\":{\"@id\":\"https:\\\/\\\/pasticceriadrai.it\\\/#\\\/schema\\\/logo\\\/image\\\/\"}}]}<\/script>\n<!-- \/ Yoast SEO plugin. -->","yoast_head_json":{"title":"Dove Siamo - Pasticceria Drai","robots":{"index":"index","follow":"follow","max-snippet":"max-snippet:-1","max-image-preview":"max-image-preview:large","max-video-preview":"max-video-preview:-1"},"canonical":"https:\/\/pasticceriadrai.it\/?page_id=12","og_locale":"it_IT","og_type":"article","og_title":"Dove Siamo - Pasticceria Drai","og_description":"[vc_row][vc_column][vc_empty_space][vc_custom_heading text=&#8221;Mappa&#8221; font_container=&#8221;tag:h1|text_align:center&#8221;][vc_gmaps link=&#8221;#E-8_JTNDaWZyYW1lJTIwc3JjJTNEJTIyaHR0cHMlM0ElMkYlMkZ3d3cuZ29vZ2xlLmNvbSUyRm1hcHMlMkZlbWJlZCUzRnBiJTNEJTIxMW0xOCUyMTFtMTIlMjExbTMlMjExZDM0MzEuNTU5NDIxMzAzNzM1NyUyMTJkNy44NjI3OTM0NDI2Mzk4OTMlMjEzZDQ0LjM2MjQ5Nzc2MzAyODY0JTIxMm0zJTIxMWYwJTIxMmYwJTIxM2YwJTIxM20yJTIxMWkxMDI0JTIxMmk3NjglMjE0ZjEzLjElMjEzbTMlMjExbTIlMjExczB4MTJkMjllYWZjYWQyYTdmMSUyNTNBMHhjZDAxZDJhYTI5ZDQxMmUlMjEyc1Bhc3RpY2NlcmlhJTJCQmFyJTJCRHJhaSUyMTVlMCUyMTNtMiUyMTFzaXQlMjEyc3VzJTIxNHYxNDYzNjk2NDE0NzQ3JTIyJTIwd2lkdGglM0QlMjI2MDAlMjIlMjBoZWlnaHQlM0QlMjI0NTAlMjIlMjBmcmFtZWJvcmRlciUzRCUyMjAlMjIlMjBzdHlsZSUzRCUyMmJvcmRlciUzQTAlMjIlMjBhbGxvd2Z1bGxzY3JlZW4lM0UlM0MlMkZpZnJhbWUlM0U=&#8221;][vc_column_text]Il Santuario di Vicoforte,tra i pi\u00f9 importanti monumenti architettonici del Piemonte,\u00e8 celebre in Italia ed all&#8217;estro soprattutto per le eccezionali dimensioni della sua cupola ellittica che \u00e8, nel suo genere, la pi\u00f9 grande al mondo. E&#8217; altres\u00ec famoso per il grandioso poema pittorico che decora tutta la superficie della cupola,anch&#8217;esso senza eguali [&hellip;]","og_url":"https:\/\/pasticceriadrai.it\/?page_id=12","og_site_name":"Pasticceria Drai","article_modified_time":"2016-05-19T22:40:27+00:00","twitter_card":"summary_large_image","twitter_misc":{"Tempo di lettura stimato":"1 minuto"},"schema":{"@context":"https:\/\/schema.org","@graph":[{"@type":"WebPage","@id":"https:\/\/pasticceriadrai.it\/?page_id=12","url":"https:\/\/pasticceriadrai.it\/?page_id=12","name":"Dove Siamo - Pasticceria Drai","isPartOf":{"@id":"https:\/\/pasticceriadrai.it\/#website"},"datePublished":"2016-05-19T20:43:20+00:00","dateModified":"2016-05-19T22:40:27+00:00","breadcrumb":{"@id":"https:\/\/pasticceriadrai.it\/?page_id=12#breadcrumb"},"inLanguage":"it-IT","potentialAction":[{"@type":"ReadAction","target":["https:\/\/pasticceriadrai.it\/?page_id=12"]}]},{"@type":"BreadcrumbList","@id":"https:\/\/pasticceriadrai.it\/?page_id=12#breadcrumb","itemListElement":[{"@type":"ListItem","position":1,"name":"Home","item":"https:\/\/pasticceriadrai.it\/"},{"@type":"ListItem","position":2,"name":"Dove Siamo"}]},{"@type":"WebSite","@id":"https:\/\/pasticceriadrai.it\/#website","url":"https:\/\/pasticceriadrai.it\/","name":"Pasticceria Drai","description":"Pasticceria Drai","publisher":{"@id":"https:\/\/pasticceriadrai.it\/#organization"},"potentialAction":[{"@type":"SearchAction","target":{"@type":"EntryPoint","urlTemplate":"https:\/\/pasticceriadrai.it\/?s={search_term_string}"},"query-input":{"@type":"PropertyValueSpecification","valueRequired":true,"valueName":"search_term_string"}}],"inLanguage":"it-IT"},{"@type":"Organization","@id":"https:\/\/pasticceriadrai.it\/#organization","name":"Pasticceria Drai","url":"https:\/\/pasticceriadrai.it\/","logo":{"@type":"ImageObject","inLanguage":"it-IT","@id":"https:\/\/pasticceriadrai.it\/#\/schema\/logo\/image\/","url":"https:\/\/pasticceriadrai.it\/wp-content\/uploads\/2016\/05\/logo.jpg","contentUrl":"https:\/\/pasticceriadrai.it\/wp-content\/uploads\/2016\/05\/logo.jpg","width":539,"height":185,"caption":"Pasticceria Drai"},"image":{"@id":"https:\/\/pasticceriadrai.it\/#\/schema\/logo\/image\/"}}]}},"_links":{"self":[{"href":"https:\/\/pasticceriadrai.it\/index.php?rest_route=\/wp\/v2\/pages\/12","targetHints":{"allow":["GET"]}}],"collection":[{"href":"https:\/\/pasticceriadrai.it\/index.php?rest_route=\/wp\/v2\/pages"}],"about":[{"href":"https:\/\/pasticceriadrai.it\/index.php?rest_route=\/wp\/v2\/types\/page"}],"author":[{"embeddable":true,"href":"https:\/\/pasticceriadrai.it\/index.php?rest_route=\/wp\/v2\/users\/3"}],"replies":[{"embeddable":true,"href":"https:\/\/pasticceriadrai.it\/index.php?rest_route=%2Fwp%2Fv2%2Fcomments&post=12"}],"version-history":[{"count":7,"href":"https:\/\/pasticceriadrai.it\/index.php?rest_route=\/wp\/v2\/pages\/12\/revisions"}],"predecessor-version":[{"id":49,"href":"https:\/\/pasticceriadrai.it\/index.php?rest_route=\/wp\/v2\/pages\/12\/revisions\/49"}],"wp:attachment":[{"href":"https:\/\/pasticceriadrai.it\/index.php?rest_route=%2Fwp%2Fv2%2Fmedia&parent=12"}],"curies":[{"name":"wp","href":"https:\/\/api.w.org\/{rel}","templated":true}]}}